{"id":53,"date":"2018-03-28T13:46:45","date_gmt":"2018-03-28T13:46:45","guid":{"rendered":"http:\/\/www.fiumicinoairportbb.it\/?page_id=53"},"modified":"2023-10-11T08:34:48","modified_gmt":"2023-10-11T08:34:48","slug":"servizi-2","status":"publish","type":"page","link":"https:\/\/www.fiumicinoairportbb.com\/fr\/servizi-2\/","title":{"rendered":"Services"},"content":{"rendered":"<p><\/p>\n<p class=\"western\"><span style=\"color: #222222;\"><span style=\"font-family: arial, serif;\"><span style=\"font-size: small;\"><\/span><\/span><\/span><\/p>\n<h6 class=\"western\" style=\"text-align: justify;\"><span style=\"color: #003366;\">ANIMAUX PERMIS<\/span><\/h6>\n<h6 class=\"western\" style=\"text-align: justify;\"><span style=\"color: #003366;\"><img loading=\"lazy\" decoding=\"async\" class=\"alignleft wp-image-443\" src=\"http:\/\/www.fiumicinoairportbb.it\/wp-content\/uploads\/2018\/04\/animali-300x244.jpg\" alt=\"\" width=\"250\" height=\"203\" srcset=\"https:\/\/www.fiumicinoairportbb.com\/wp-content\/uploads\/2018\/04\/animali-300x244.jpg 300w, https:\/\/www.fiumicinoairportbb.com\/wp-content\/uploads\/2018\/04\/animali-768x624.jpg 768w, https:\/\/www.fiumicinoairportbb.com\/wp-content\/uploads\/2018\/04\/animali-1024x832.jpg 1024w, https:\/\/www.fiumicinoairportbb.com\/wp-content\/uploads\/2018\/04\/animali.jpg 1720w\" sizes=\"auto, (max-width: 250px) 100vw, 250px\" \/><\/span><\/h6>\n<p class=\"western\" style=\"text-align: justify;\"><span style=\"color: #000000;\">Les animaux de petite et moyenne taille sont les bienvenus, sous r\u00e9serve de communication par e-mail ou par t\u00e9l\u00e9phone ou au moment de la r\u00e9servation. \u00c0 notre Bed and Breakfast vos amis \u00e0 quatre pattes seront les bienvenus.\u00a0Pour plus d&rsquo;informations contacter la propri\u00e9t\u00e9. <!-- Widget Shortcode --><div id=\"custom_html-12\" class=\"widget_text widget widget_custom_html widget-shortcode area-arbitrary \"><div class=\"textwidget custom-html-widget\"><button class=\"popmake-544\">CONTACTEZ-NOUS<\/button><\/div><\/div><!-- \/Widget Shortcode --><\/span><\/p>\n<hr \/>\n<h6 style=\"text-align: right;\"><span style=\"color: #003366;\">JARDIN<\/span><\/h6>\n<h6 style=\"text-align: right;\"><span style=\"color: #003366;\"><img loading=\"lazy\" decoding=\"async\" class=\"alignright wp-image-444\" src=\"http:\/\/www.fiumicinoairportbb.it\/wp-content\/uploads\/2018\/04\/giardino-300x244.jpg\" alt=\"\" width=\"250\" height=\"203\" srcset=\"https:\/\/www.fiumicinoairportbb.com\/wp-content\/uploads\/2018\/04\/giardino-300x244.jpg 300w, https:\/\/www.fiumicinoairportbb.com\/wp-content\/uploads\/2018\/04\/giardino-768x624.jpg 768w, https:\/\/www.fiumicinoairportbb.com\/wp-content\/uploads\/2018\/04\/giardino-1024x832.jpg 1024w, https:\/\/www.fiumicinoairportbb.com\/wp-content\/uploads\/2018\/04\/giardino.jpg 1720w\" sizes=\"auto, (max-width: 250px) 100vw, 250px\" \/><\/span><\/h6>\n<p style=\"text-align: right;\"><span style=\"color: #000000;\">La propri\u00e9t\u00e9 dispose d&rsquo;un jardin meubl\u00e9 qui entoure le b\u00e2timent. Vous pouvez passer vos moments de d\u00e9tente sur la v\u00e9randa avec nous, ou passer du temps \u00e0 l&rsquo;ext\u00e9rieur parmi les arbres fruitiers typiques de la M\u00e9diterran\u00e9e.<\/span><\/p>\n<hr \/>\n<h6 style=\"text-align: justify;\"><span style=\"color: #003366;\">PETIT D\u00c9JEUNER INCLUS<\/span><\/h6>\n<h6 style=\"text-align: justify;\"><span style=\"color: #003366;\"><img loading=\"lazy\" decoding=\"async\" class=\"alignleft wp-image-445\" src=\"http:\/\/www.fiumicinoairportbb.it\/wp-content\/uploads\/2018\/04\/brakfast-300x244.jpg\" alt=\"\" width=\"250\" height=\"203\" srcset=\"https:\/\/www.fiumicinoairportbb.com\/wp-content\/uploads\/2018\/04\/brakfast-300x244.jpg 300w, https:\/\/www.fiumicinoairportbb.com\/wp-content\/uploads\/2018\/04\/brakfast-768x625.jpg 768w, https:\/\/www.fiumicinoairportbb.com\/wp-content\/uploads\/2018\/04\/brakfast-1024x833.jpg 1024w, https:\/\/www.fiumicinoairportbb.com\/wp-content\/uploads\/2018\/04\/brakfast.jpg 1720w\" sizes=\"auto, (max-width: 250px) 100vw, 250px\" \/><\/span><\/h6>\n<p style=\"text-align: justify;\"><span style=\"color: #000000;\">L&rsquo;internationalit\u00e9 de nos h\u00f4tes a orient\u00e9 nos choix vers un petit-d\u00e9jeuner adaptable aux multiples habitudes alimentaires, tout en conservant la tradition et le go\u00fbt culinaire italien. Le petit d\u00e9jeuner buffet sera servi de 07h00 \u00e0 09h30 dans la v\u00e9randa au rez-de-chauss\u00e9e de la structure. Si vous pr\u00e9f\u00e9rez prendre le petit d\u00e9jeuner dans la tranquillit\u00e9 de votre chambre, notre personnel aura le plaisir d&rsquo;offrir ce service sans frais suppl\u00e9mentaires.\u00a0Pour toute intol\u00e9rance alimentaire et demandes sp\u00e9ciales, contactez la structure.\u00a0<!-- Widget Shortcode --><div id=\"custom_html-12\" class=\"widget_text widget widget_custom_html widget-shortcode area-arbitrary \"><div class=\"textwidget custom-html-widget\"><button class=\"popmake-544\">CONTACTEZ-NOUS<\/button><\/div><\/div><!-- \/Widget Shortcode --><\/span><\/p>\n<hr \/>\n<h6 style=\"text-align: right;\"><span style=\"color: #003366;\">WI-FI<\/span><\/h6>\n<h6 style=\"text-align: right;\"><span style=\"color: #003366;\"><img loading=\"lazy\" decoding=\"async\" class=\"alignright wp-image-446\" src=\"http:\/\/www.fiumicinoairportbb.it\/wp-content\/uploads\/2018\/04\/wifi-300x244.jpg\" alt=\"\" width=\"250\" height=\"203\" srcset=\"https:\/\/www.fiumicinoairportbb.com\/wp-content\/uploads\/2018\/04\/wifi-300x244.jpg 300w, https:\/\/www.fiumicinoairportbb.com\/wp-content\/uploads\/2018\/04\/wifi-768x624.jpg 768w, https:\/\/www.fiumicinoairportbb.com\/wp-content\/uploads\/2018\/04\/wifi-1024x832.jpg 1024w, https:\/\/www.fiumicinoairportbb.com\/wp-content\/uploads\/2018\/04\/wifi.jpg 1720w\" sizes=\"auto, (max-width: 250px) 100vw, 250px\" \/><\/span><\/h6>\n<p style=\"text-align: right;\"><span style=\"color: #000000;\">Tout au long de la structure, vous pouvez acc\u00e9der au wi-fi gratuitement. \u00c0 l&rsquo;arriv\u00e9e, vous serez inform\u00e9 du mot de passe \u00e0 utiliser pour vous connecter au r\u00e9seau. Pour s&rsquo;enregistrer, entendre des parents \u00e9loign\u00e9s ne sera pas un probl\u00e8me.<\/span><\/p>\n<hr \/>\n<h6 style=\"text-align: justify;\"><span style=\"color: #003366;\">CLIMATISATION<\/span><\/h6>\n<h6 style=\"text-align: justify;\"><span style=\"color: #003366;\"><img loading=\"lazy\" decoding=\"async\" class=\"alignleft wp-image-447\" src=\"http:\/\/www.fiumicinoairportbb.it\/wp-content\/uploads\/2018\/04\/clima-300x244.jpg\" alt=\"\" width=\"250\" height=\"203\" srcset=\"https:\/\/www.fiumicinoairportbb.com\/wp-content\/uploads\/2018\/04\/clima-300x244.jpg 300w, https:\/\/www.fiumicinoairportbb.com\/wp-content\/uploads\/2018\/04\/clima-768x624.jpg 768w, https:\/\/www.fiumicinoairportbb.com\/wp-content\/uploads\/2018\/04\/clima-1024x832.jpg 1024w, https:\/\/www.fiumicinoairportbb.com\/wp-content\/uploads\/2018\/04\/clima.jpg 1720w\" sizes=\"auto, (max-width: 250px) 100vw, 250px\" \/><\/span><\/h6>\n<p style=\"text-align: justify;\"><span style=\"color: #000000;\">Dans chaque pi\u00e8ce, vous trouverez un climatiseur, que vous pouvez g\u00e9rer ind\u00e9pendamment avec la t\u00e9l\u00e9commande fournie. Vous pouvez choisir entre diff\u00e9rents param\u00e8tres. Tous les climatiseurs sont \u00e0 la fois la climatisation et la chaleur.<\/span><\/p>\n<hr \/>\n<h6 style=\"text-align: right;\"><span style=\"color: #003366;\">UTILISATION JOUR<\/span><\/h6>\n<h6 style=\"text-align: right;\"><span style=\"color: #003366;\"><img loading=\"lazy\" decoding=\"async\" class=\"alignright wp-image-448\" src=\"http:\/\/www.fiumicinoairportbb.it\/wp-content\/uploads\/2018\/04\/day-use-300x244.jpg\" alt=\"\" width=\"250\" height=\"203\" srcset=\"https:\/\/www.fiumicinoairportbb.com\/wp-content\/uploads\/2018\/04\/day-use-300x244.jpg 300w, https:\/\/www.fiumicinoairportbb.com\/wp-content\/uploads\/2018\/04\/day-use-768x624.jpg 768w, https:\/\/www.fiumicinoairportbb.com\/wp-content\/uploads\/2018\/04\/day-use-1024x832.jpg 1024w, https:\/\/www.fiumicinoairportbb.com\/wp-content\/uploads\/2018\/04\/day-use.jpg 1720w\" sizes=\"auto, (max-width: 250px) 100vw, 250px\" \/><\/span><\/h6>\n<p style=\"text-align: right;\"><span style=\"color: #000000;\">As-tu eu plusieurs heures d&rsquo;avion et tu t&rsquo;es arr\u00eat\u00e9 seulement pour une escale en milieu d&rsquo;apr\u00e8s-midi? Voulez-vous passer quelques heures en toute tranquillit\u00e9 et dans le confort d&rsquo;un B &amp; B relaxant? Avec nous, c&rsquo;est possible. Les chambres \u00e0 usage quotidien sont disponibles de 9h30 \u00e0 16h30. Mais pour toute demande vous n&rsquo;existant pas pour nous contacter, nous serons plus qu&rsquo;heureux de trouver la bonne solution pour vous.\u00a0<!-- Widget Shortcode --><div id=\"custom_html-12\" class=\"widget_text widget widget_custom_html widget-shortcode area-arbitrary \"><div class=\"textwidget custom-html-widget\"><button class=\"popmake-544\">CONTACTEZ-NOUS<\/button><\/div><\/div><!-- \/Widget Shortcode --><\/span><\/p>\n<hr \/>\n<h6 style=\"text-align: justify;\"><span style=\"color: #003366;\">TV<\/span><\/h6>\n<h6 style=\"text-align: justify;\"><span style=\"color: #003366;\"><img loading=\"lazy\" decoding=\"async\" class=\"alignleft wp-image-449\" src=\"http:\/\/www.fiumicinoairportbb.it\/wp-content\/uploads\/2018\/04\/tv-300x244.jpg\" alt=\"\" width=\"250\" height=\"203\" srcset=\"https:\/\/www.fiumicinoairportbb.com\/wp-content\/uploads\/2018\/04\/tv-300x244.jpg 300w, https:\/\/www.fiumicinoairportbb.com\/wp-content\/uploads\/2018\/04\/tv-768x624.jpg 768w, https:\/\/www.fiumicinoairportbb.com\/wp-content\/uploads\/2018\/04\/tv-1024x832.jpg 1024w, https:\/\/www.fiumicinoairportbb.com\/wp-content\/uploads\/2018\/04\/tv.jpg 1720w\" sizes=\"auto, (max-width: 250px) 100vw, 250px\" \/><\/span><\/h6>\n<p style=\"text-align: justify;\"><span style=\"color: #000000;\">Chaque chambre est \u00e9quip\u00e9e d&rsquo;une t\u00e9l\u00e9vision \u00e0 \u00e9cran plat, o\u00f9 vous pouvez regarder vos prorams pr\u00e9f\u00e9r\u00e9s. Il est \u00e9galement possible d&rsquo;ins\u00e9rer la langue d&rsquo;origine afin que vous puissiez voir vos programmes dans votre langue. Si vous venez de rentrer d&rsquo;un voyage et que vous souhaitez voir les photos prises, vous pouvez ins\u00e9rer la carte SD, ou connecter la machine \u00e0 la TV pour profiter en temps r\u00e9el dans votre chambre des moments que vous avez pass\u00e9s.<\/span><\/p>\n<hr \/>\n<h6 style=\"text-align: right;\"><span style=\"color: #003366;\">TRANSFERS<\/span><\/h6>\n<h6 style=\"text-align: right;\"><span style=\"color: #003366;\"><img loading=\"lazy\" decoding=\"async\" class=\"alignright wp-image-450\" src=\"http:\/\/www.fiumicinoairportbb.it\/wp-content\/uploads\/2018\/04\/bus-300x244.jpg\" alt=\"\" width=\"250\" height=\"203\" srcset=\"https:\/\/www.fiumicinoairportbb.com\/wp-content\/uploads\/2018\/04\/bus-300x244.jpg 300w, https:\/\/www.fiumicinoairportbb.com\/wp-content\/uploads\/2018\/04\/bus-768x624.jpg 768w, https:\/\/www.fiumicinoairportbb.com\/wp-content\/uploads\/2018\/04\/bus-1024x832.jpg 1024w, https:\/\/www.fiumicinoairportbb.com\/wp-content\/uploads\/2018\/04\/bus.jpg 1720w\" sizes=\"auto, (max-width: 250px) 100vw, 250px\" \/><\/span><\/h6>\n<p style=\"text-align: right;\"><span style=\"color: #000000;\">&#8211; Un service de navette est disponible depuis\/vers l&rsquo;a\u00e9roport (payant)<\/span><\/p>\n<p style=\"text-align: right;\"><span style=\"color: #000000;\">Pour plus d&rsquo;informations contacter la propri\u00e9t\u00e9. <!-- Widget Shortcode --><div id=\"custom_html-12\" class=\"widget_text widget widget_custom_html widget-shortcode area-arbitrary \"><div class=\"textwidget custom-html-widget\"><button class=\"popmake-544\">CONTACTEZ-NOUS<\/button><\/div><\/div><!-- \/Widget Shortcode --><\/span><\/p>\n<hr \/>\n<h6 style=\"text-align: justify;\"><span style=\"color: #003366;\">D\u00c9P\u00d4T DE BAGAGES<\/span><\/h6>\n<h6 style=\"text-align: justify;\"><span style=\"color: #003366;\"><img loading=\"lazy\" decoding=\"async\" class=\"alignleft wp-image-451\" src=\"http:\/\/www.fiumicinoairportbb.it\/wp-content\/uploads\/2018\/04\/valigia-300x244.jpg\" alt=\"\" width=\"250\" height=\"203\" srcset=\"https:\/\/www.fiumicinoairportbb.com\/wp-content\/uploads\/2018\/04\/valigia-300x244.jpg 300w, https:\/\/www.fiumicinoairportbb.com\/wp-content\/uploads\/2018\/04\/valigia-768x624.jpg 768w, https:\/\/www.fiumicinoairportbb.com\/wp-content\/uploads\/2018\/04\/valigia-1024x832.jpg 1024w, https:\/\/www.fiumicinoairportbb.com\/wp-content\/uploads\/2018\/04\/valigia.jpg 1720w\" sizes=\"auto, (max-width: 250px) 100vw, 250px\" \/><\/span><\/h6>\n<p style=\"text-align: justify;\"><span style=\"color: #000000;\">\u00cates-vous juste pour un arr\u00eat? Avez-vous besoin de voyager l\u00e9ger? Avec nous, vous pouvez utiliserde stockage de bagages.\u00a0Pour plus d&rsquo;informations contacter la propri\u00e9t\u00e9. <!-- Widget Shortcode --><div id=\"custom_html-12\" class=\"widget_text widget widget_custom_html widget-shortcode area-arbitrary \"><div class=\"textwidget custom-html-widget\"><button class=\"popmake-544\">CONTACTEZ-NOUS<\/button><\/div><\/div><!-- \/Widget Shortcode --><\/span><\/p>\n<hr \/>\n<h6 style=\"text-align: right;\"><span style=\"color: #003366;\">PARKING<\/span><\/h6>\n<h6 style=\"text-align: right;\"><span style=\"color: #003366;\"><img loading=\"lazy\" decoding=\"async\" class=\"alignright wp-image-497\" src=\"http:\/\/www.fiumicinoairportbb.it\/wp-content\/uploads\/2018\/04\/parking-99211_960_720-300x236.png\" alt=\"\" width=\"250\" height=\"197\" srcset=\"https:\/\/www.fiumicinoairportbb.com\/wp-content\/uploads\/2018\/04\/parking-99211_960_720-300x236.png 300w, https:\/\/www.fiumicinoairportbb.com\/wp-content\/uploads\/2018\/04\/parking-99211_960_720.png 704w\" sizes=\"auto, (max-width: 250px) 100vw, 250px\" \/><\/span><\/h6>\n<p style=\"text-align: right;\"><span style=\"color: #000000;\">Le B &amp; B Fiumicino Airport repr\u00e9sente un point d&rsquo;arr\u00eat pour tous les voyageurs qui atterrissent ou doivent prendre un vol. Si vous nous atteignez en voiture et avez besoin de stationnement pour le temps de votre voyage, nous serons heureux de garder votre v\u00e9hicule. Pour plus d&rsquo;informations et un devis s&rsquo;il vous pla\u00eet contacter l&rsquo;\u00e9tablissement.\u00a0<!-- Widget Shortcode --><div id=\"custom_html-12\" class=\"widget_text widget widget_custom_html widget-shortcode area-arbitrary \"><div class=\"textwidget custom-html-widget\"><button class=\"popmake-544\">CONTACTEZ-NOUS<\/button><\/div><\/div><!-- \/Widget Shortcode --><\/span><\/p>\n<hr \/>\n<p><\/p>","protected":false},"excerpt":{"rendered":"<p>ANIMAUX PERMIS Les animaux de petite et moyenne taille sont les bienvenus, sous r\u00e9serve de communication par e-mail ou par<\/p>\n","protected":false},"author":1,"featured_media":0,"parent":0,"menu_order":0,"comment_status":"closed","ping_status":"closed","template":"","meta":{"colormag_page_container_layout":"no_sidebar_content_centered","colormag_page_sidebar_layout":"no_sidebar","_monsterinsights_skip_tracking":false,"_monsterinsights_sitenote_active":false,"_monsterinsights_sitenote_note":"","_monsterinsights_sitenote_category":0,"footnotes":""},"class_list":["post-53","page","type-page","status-publish","hentry"],"aioseo_notices":[],"_links":{"self":[{"href":"https:\/\/www.fiumicinoairportbb.com\/fr\/wp-json\/wp\/v2\/pages\/53","targetHints":{"allow":["GET"]}}],"collection":[{"href":"https:\/\/www.fiumicinoairportbb.com\/fr\/wp-json\/wp\/v2\/pages"}],"about":[{"href":"https:\/\/www.fiumicinoairportbb.com\/fr\/wp-json\/wp\/v2\/types\/page"}],"author":[{"embeddable":true,"href":"https:\/\/www.fiumicinoairportbb.com\/fr\/wp-json\/wp\/v2\/users\/1"}],"replies":[{"embeddable":true,"href":"https:\/\/www.fiumicinoairportbb.com\/fr\/wp-json\/wp\/v2\/comments?post=53"}],"version-history":[{"count":130,"href":"https:\/\/www.fiumicinoairportbb.com\/fr\/wp-json\/wp\/v2\/pages\/53\/revisions"}],"predecessor-version":[{"id":749,"href":"https:\/\/www.fiumicinoairportbb.com\/fr\/wp-json\/wp\/v2\/pages\/53\/revisions\/749"}],"wp:attachment":[{"href":"https:\/\/www.fiumicinoairportbb.com\/fr\/wp-json\/wp\/v2\/media?parent=53"}],"curies":[{"name":"wp","href":"https:\/\/api.w.org\/{rel}","templated":true}]}}