{"id":166,"date":"2018-03-28T16:16:17","date_gmt":"2018-03-28T16:16:17","guid":{"rendered":"http:\/\/www.fiumicinoairportbb.it\/?page_id=166"},"modified":"2021-03-20T19:15:34","modified_gmt":"2021-03-20T19:15:34","slug":"home","status":"publish","type":"page","link":"https:\/\/www.fiumicinoairportbb.com\/fr\/","title":{"rendered":"Home"},"content":{"rendered":"<p><\/p><center><!-- Inizio - Booking Bed-and-breakfast.it --><script type=\"text\/javascript\" src=\"https:\/\/www.bed-and-breakfast.it\/scripts\/widget-richieste\/widget.cfm?idbooking=16175&amp;l=fr&amp;colore=ir_blu&amp;orientamento=ir_responsive&amp;wl=1\"><\/script><!-- Fine - Booking Bed-and-breakfast.it --><\/center>\n<br>\n<h5 style=\"text-align: center;\"><em><strong><span style=\"color: #000000;\" title=\"\">Bienvenue \u00e0 l&rsquo;a\u00e9roport de Fiumicino B &amp; B Deluxe<\/span><\/strong><\/em><\/h5>\n<p style=\"text-align: justify;\"><span style=\"color: #000000;\"><span title=\"\">Dans le cadre splendide de la ville baln\u00e9aire de Fiumicino \u00e0 seulement 3 kilom\u00e8tres de l&rsquo;a\u00e9roport international \u00ab\u00a0Leonardo Da VInci\u00a0\u00bb et \u00e0 9 km de la Fiera di Roma, le \u00ab\u00a0Fiumicino Airport B &amp; B\u00a0\u00bb est situ\u00e9 dans une position strat\u00e9gique et fonctionnelle pour les <\/span>&nbsp;voyageurs qui ont besoin d&rsquo;un arr\u00eat avant ou apr\u00e8s un vol<span title=\"\">.<\/span> <span title=\"\">L&rsquo;\u00e9tablissement est bien reli\u00e9 aux terminaux, Ostia et ses c\u00e9l\u00e8bres plages sont \u00e0 5 km, tandis que les centres commerciaux \u00ab\u00a0Parco Leonardo\u00a0\u00bb et \u00ab\u00a0Parco da Vinci\u00a0\u00bb sont situ\u00e9s \u00e0 10 minutes en voiture.<\/span><\/span><\/p>\n<p style=\"text-align: justify;\"><span style=\"color: #000000;\"><img loading=\"lazy\" decoding=\"async\" class=\"aligncenter\" src=\"http:\/\/www.fiumicinoairportbb.it\/wp-content\/uploads\/2018\/03\/aereo-1024x610.jpg\" alt=\"\" width=\"800\" height=\"477\"><\/span><\/p>\n<p style=\"text-align: justify;\"><span style=\"color: #000000;\"><span title=\"\">Inaugur\u00e9 en 2012, la structure allie professionnalisme et confort moderne avec la tradition de l&rsquo;hospitalit\u00e9 familiale.<\/span> <span title=\"\">Le Fiumicino Airport B &amp; B Deluxe propose une connexion Wi-Fi gratuite dans tout l&rsquo;\u00e9tablissement, des chambres climatis\u00e9es et un petit-d\u00e9jeuner italien.<\/span><\/span><\/p>\n<p><\/p>","protected":false},"excerpt":{"rendered":"<p>Bienvenue \u00e0 l&rsquo;a\u00e9roport de Fiumicino B &amp; B Deluxe Dans le cadre splendide de la ville baln\u00e9aire de Fiumicino \u00e0<\/p>\n","protected":false},"author":1,"featured_media":0,"parent":0,"menu_order":0,"comment_status":"closed","ping_status":"closed","template":"","meta":{"colormag_page_container_layout":"default_layout","colormag_page_sidebar_layout":"default_layout","_monsterinsights_skip_tracking":false,"_monsterinsights_sitenote_active":false,"_monsterinsights_sitenote_note":"","_monsterinsights_sitenote_category":0,"footnotes":""},"class_list":["post-166","page","type-page","status-publish","hentry"],"aioseo_notices":[],"_links":{"self":[{"href":"https:\/\/www.fiumicinoairportbb.com\/fr\/wp-json\/wp\/v2\/pages\/166","targetHints":{"allow":["GET"]}}],"collection":[{"href":"https:\/\/www.fiumicinoairportbb.com\/fr\/wp-json\/wp\/v2\/pages"}],"about":[{"href":"https:\/\/www.fiumicinoairportbb.com\/fr\/wp-json\/wp\/v2\/types\/page"}],"author":[{"embeddable":true,"href":"https:\/\/www.fiumicinoairportbb.com\/fr\/wp-json\/wp\/v2\/users\/1"}],"replies":[{"embeddable":true,"href":"https:\/\/www.fiumicinoairportbb.com\/fr\/wp-json\/wp\/v2\/comments?post=166"}],"version-history":[{"count":70,"href":"https:\/\/www.fiumicinoairportbb.com\/fr\/wp-json\/wp\/v2\/pages\/166\/revisions"}],"predecessor-version":[{"id":699,"href":"https:\/\/www.fiumicinoairportbb.com\/fr\/wp-json\/wp\/v2\/pages\/166\/revisions\/699"}],"wp:attachment":[{"href":"https:\/\/www.fiumicinoairportbb.com\/fr\/wp-json\/wp\/v2\/media?parent=166"}],"curies":[{"name":"wp","href":"https:\/\/api.w.org\/{rel}","templated":true}]}}