{"id":55,"date":"2018-03-28T13:50:55","date_gmt":"2018-03-28T13:50:55","guid":{"rendered":"http:\/\/www.fiumicinoairportbb.it\/?page_id=55"},"modified":"2018-04-13T15:43:56","modified_gmt":"2018-04-13T15:43:56","slug":"camere","status":"publish","type":"page","link":"https:\/\/www.fiumicinoairportbb.com\/es\/camere\/","title":{"rendered":"Habitaciones"},"content":{"rendered":"<p><\/p>\n<h6 style=\"text-align: center;\"><span style=\"color: #000000;\"><em>Todas las habitaciones tienen ba\u00f1o privado, TV de pantalla plana y escritorio. El estilo minimalista y una cuidadosa atenci\u00f3n e investigaci\u00f3n en materiales, junto con la voluntad de hacerlo con respeto al medio ambiente, hace que nuestro B &amp; B un ambiente \u00fanico en su tipo.<\/em><\/span><\/h6>\n<hr \/>\n<p><img loading=\"lazy\" decoding=\"async\" class=\"alignleft wp-image-80\" src=\"http:\/\/www.fiumicinoairportbb.it\/wp-content\/uploads\/2018\/03\/Screenshot_20180204-161447-min-300x227.jpg\" alt=\"\" width=\"380\" height=\"288\" srcset=\"https:\/\/www.fiumicinoairportbb.com\/wp-content\/uploads\/2018\/03\/Screenshot_20180204-161447-min-300x227.jpg 300w, https:\/\/www.fiumicinoairportbb.com\/wp-content\/uploads\/2018\/03\/Screenshot_20180204-161447-min-768x582.jpg 768w, https:\/\/www.fiumicinoairportbb.com\/wp-content\/uploads\/2018\/03\/Screenshot_20180204-161447-min-1024x775.jpg 1024w, https:\/\/www.fiumicinoairportbb.com\/wp-content\/uploads\/2018\/03\/Screenshot_20180204-161447-min.jpg 1063w\" sizes=\"auto, (max-width: 380px) 100vw, 380px\" \/><\/p>\n<h6><\/h6>\n<h6><span style=\"color: #003366;\"><strong>HABITACI\u00d3N DOBLE USO INDIVIDUAL<\/strong><\/span><\/h6>\n<p><span style=\"color: #008000;\"><strong>(BUSINESS)<\/strong><\/span><\/p>\n<p style=\"text-align: justify;\"><span style=\"color: #000000;\">Luminoso y acogedor, tiene todos los servicios y comodidades ideales para quienes viajan por placer o negocios. Equipado con una cama doble, est\u00e1 amueblado con gusto de una manera simple y funcional.<\/span><\/p>\n<p><span style=\"color: #808080;\">Los ni\u00f1os menores de 3 a\u00f1os se alojan sin cargo (durmiendo en cuna).<\/span><\/p>\n<!-- Widget Shortcode --><div id=\"custom_html-10\" class=\"widget_text widget widget_custom_html widget-shortcode area-arbitrary \"><div class=\"textwidget custom-html-widget\"><button class=\"rrp-widget-open-modal\">RESERVAR AHORA<\/button><script type=\"text\/javascript\" src=\"https:\/\/www.bed-and-breakfast.it\/scripts\/widget\/widget_frm_camere.cfm?idstruttura=34998&idregione=7&l=es\"><\/script><\/div><\/div><!-- \/Widget Shortcode -->\n<p>&nbsp;<\/p>\n<hr \/>\n<p style=\"text-align: right;\"><img loading=\"lazy\" decoding=\"async\" class=\"alignright wp-image-81\" src=\"http:\/\/www.fiumicinoairportbb.it\/wp-content\/uploads\/2018\/03\/Screenshot_20180204-161526-min-300x226.jpg\" alt=\"\" width=\"380\" height=\"286\" srcset=\"https:\/\/www.fiumicinoairportbb.com\/wp-content\/uploads\/2018\/03\/Screenshot_20180204-161526-min-300x226.jpg 300w, https:\/\/www.fiumicinoairportbb.com\/wp-content\/uploads\/2018\/03\/Screenshot_20180204-161526-min-768x578.jpg 768w, https:\/\/www.fiumicinoairportbb.com\/wp-content\/uploads\/2018\/03\/Screenshot_20180204-161526-min-1024x771.jpg 1024w, https:\/\/www.fiumicinoairportbb.com\/wp-content\/uploads\/2018\/03\/Screenshot_20180204-161526-min.jpg 1073w\" sizes=\"auto, (max-width: 380px) 100vw, 380px\" \/><\/p>\n<h6><\/h6>\n<h6 style=\"text-align: right;\"><span style=\"color: #003366;\"><strong>HABITACI\u00d3N DOBLE<\/strong><\/span><\/h6>\n<p style=\"text-align: right;\"><span style=\"color: #008000;\"><strong>(BEST SELLER)<\/strong><\/span><\/p>\n<p style=\"text-align: right;\"><span style=\"color: #000000;\">Curada en detalle, consta de una cama doble o, a petici\u00f3n, dos camas individuales. Al realizar la reserva, se puede configurar la c\u00e1mara en un \u00bb ambiente \u00abacogedor y rom\u00e1ntico para parejas en su luna de miel con el fin de hacer su estancia, aunque breve, inolvidable.<\/span><\/p>\n<p style=\"text-align: right;\"><span style=\"color: #808080;\">Los ni\u00f1os menores de 3 a\u00f1os se alojan sin cargo (durmiendo en cuna).<\/span><\/p>\n<!-- Widget Shortcode --><div id=\"custom_html-10\" class=\"widget_text widget widget_custom_html widget-shortcode area-arbitrary \"><div class=\"textwidget custom-html-widget\"><button class=\"rrp-widget-open-modal\">RESERVAR AHORA<\/button><script type=\"text\/javascript\" src=\"https:\/\/www.bed-and-breakfast.it\/scripts\/widget\/widget_frm_camere.cfm?idstruttura=34998&idregione=7&l=es\"><\/script><\/div><\/div><!-- \/Widget Shortcode -->\n<hr \/>\n<p><img loading=\"lazy\" decoding=\"async\" class=\"alignleft wp-image-73\" src=\"http:\/\/www.fiumicinoairportbb.it\/wp-content\/uploads\/2018\/03\/IMG_E3072-min-300x225.jpg\" alt=\"\" width=\"380\" height=\"285\" srcset=\"https:\/\/www.fiumicinoairportbb.com\/wp-content\/uploads\/2018\/03\/IMG_E3072-min-300x225.jpg 300w, https:\/\/www.fiumicinoairportbb.com\/wp-content\/uploads\/2018\/03\/IMG_E3072-min-768x576.jpg 768w, https:\/\/www.fiumicinoairportbb.com\/wp-content\/uploads\/2018\/03\/IMG_E3072-min-1024x768.jpg 1024w\" sizes=\"auto, (max-width: 380px) 100vw, 380px\" \/><\/p>\n<h6><\/h6>\n<h6><span style=\"color: #003366;\"><strong>HABITACI\u00d3N TRIPLE<\/strong><\/span><\/h6>\n<p><span style=\"color: #008000;\"><strong>(COMFORT)<\/strong><\/span><\/p>\n<p style=\"text-align: justify;\"><span style=\"color: #000000;\">Adecuado para familias o grupos peque\u00f1os, consta de una cama doble y una cama individual o, a petici\u00f3n, tres camas individuales. Ideal para permanecer en la comodidad total y en la relajaci\u00f3n total.<\/span><\/p>\n<p><span style=\"color: #808080;\">Los ni\u00f1os menores de 3 a\u00f1os se alojan sin cargo (durmiendo en cuna).<\/span><\/p>\n<!-- Widget Shortcode --><div id=\"custom_html-10\" class=\"widget_text widget widget_custom_html widget-shortcode area-arbitrary \"><div class=\"textwidget custom-html-widget\"><button class=\"rrp-widget-open-modal\">RESERVAR AHORA<\/button><script type=\"text\/javascript\" src=\"https:\/\/www.bed-and-breakfast.it\/scripts\/widget\/widget_frm_camere.cfm?idstruttura=34998&idregione=7&l=es\"><\/script><\/div><\/div><!-- \/Widget Shortcode -->\n<p>&nbsp;<\/p>\n<hr \/>\n<p style=\"text-align: right;\"><img loading=\"lazy\" decoding=\"async\" class=\"alignright wp-image-64\" src=\"http:\/\/www.fiumicinoairportbb.it\/wp-content\/uploads\/2018\/03\/IMG_3095-min-300x225.jpg\" alt=\"\" width=\"380\" height=\"285\" srcset=\"https:\/\/www.fiumicinoairportbb.com\/wp-content\/uploads\/2018\/03\/IMG_3095-min-300x225.jpg 300w, https:\/\/www.fiumicinoairportbb.com\/wp-content\/uploads\/2018\/03\/IMG_3095-min-768x576.jpg 768w, https:\/\/www.fiumicinoairportbb.com\/wp-content\/uploads\/2018\/03\/IMG_3095-min-1024x768.jpg 1024w\" sizes=\"auto, (max-width: 380px) 100vw, 380px\" \/><\/p>\n<h6><\/h6>\n<h6 style=\"text-align: right;\"><span style=\"color: #003366;\"><strong>CUARTO DE CU\u00c1DRUPLE<\/strong><\/span><\/h6>\n<p style=\"text-align: right;\"><span style=\"color: #008000;\"><strong>(FAMILY)<\/strong><\/span><\/p>\n<p style=\"text-align: right;\"><span style=\"color: #000000;\">Espacioso y c\u00f3modo, es perfecto para quienes viajan en familia o con un grupo de amigos. Tiene una cama doble y dos camas individuales; bajo\u00a0petici\u00f3n es posible tener 4 camas individuales.<\/span><\/p>\n<p style=\"text-align: right;\"><span style=\"color: #808080;\">Los ni\u00f1os menores de 3 a\u00f1os se alojan sin cargo (durmiendo en cuna).<\/span><\/p>\n<!-- Widget Shortcode --><div id=\"custom_html-10\" class=\"widget_text widget widget_custom_html widget-shortcode area-arbitrary \"><div class=\"textwidget custom-html-widget\"><button class=\"rrp-widget-open-modal\">RESERVAR AHORA<\/button><script type=\"text\/javascript\" src=\"https:\/\/www.bed-and-breakfast.it\/scripts\/widget\/widget_frm_camere.cfm?idstruttura=34998&idregione=7&l=es\"><\/script><\/div><\/div><!-- \/Widget Shortcode -->\n<p>&nbsp;<\/p>\n<hr \/>\n<p><img loading=\"lazy\" decoding=\"async\" class=\"alignleft wp-image-69\" src=\"http:\/\/www.fiumicinoairportbb.it\/wp-content\/uploads\/2018\/03\/IMG_3255-min-300x242.jpg\" alt=\"\" width=\"380\" height=\"306\" srcset=\"https:\/\/www.fiumicinoairportbb.com\/wp-content\/uploads\/2018\/03\/IMG_3255-min-300x242.jpg 300w, https:\/\/www.fiumicinoairportbb.com\/wp-content\/uploads\/2018\/03\/IMG_3255-min-768x619.jpg 768w, https:\/\/www.fiumicinoairportbb.com\/wp-content\/uploads\/2018\/03\/IMG_3255-min-1024x826.jpg 1024w\" sizes=\"auto, (max-width: 380px) 100vw, 380px\" \/><\/p>\n<h6><\/h6>\n<h6><span style=\"color: #003366;\"><strong>HABITACI\u00d3N FAMILIAR<\/strong><\/span><\/h6>\n<p><span style=\"color: #008000;\"><strong>(EXCLUSIVA WEB)<\/strong><\/span><\/p>\n<p><span style=\"color: #000000;\">Equipada para familias numerosas y grupos de hasta un m\u00e1ximo de 5 personas, la habitaci\u00f3n familiar ofrece espacios confortables y un confort \u00f3ptimo.<\/span><\/p>\n<p><span style=\"color: #808080;\">Los ni\u00f1os menores de 3 a\u00f1os se alojan sin cargo (durmiendo en cuna).<\/span><\/p>\n<!-- Widget Shortcode --><div id=\"custom_html-11\" class=\"widget_text widget widget_custom_html widget-shortcode area-arbitrary \"><div class=\"textwidget custom-html-widget\"><button class=\"popmake-544\">PREGUNTAR POR DISPONIBILIDAD<\/button><\/div><\/div><!-- \/Widget Shortcode -->\n<p>&nbsp;<\/p>\n<hr \/>\n<p>&nbsp;<\/p>","protected":false},"excerpt":{"rendered":"<p>Todas las habitaciones tienen ba\u00f1o privado, TV de pantalla plana y escritorio. El estilo minimalista y una cuidadosa atenci\u00f3n e<\/p>\n","protected":false},"author":1,"featured_media":0,"parent":0,"menu_order":0,"comment_status":"closed","ping_status":"closed","template":"","meta":{"colormag_page_container_layout":"no_sidebar_full_width","colormag_page_sidebar_layout":"no_sidebar","_monsterinsights_skip_tracking":false,"_monsterinsights_sitenote_active":false,"_monsterinsights_sitenote_note":"","_monsterinsights_sitenote_category":0,"footnotes":""},"class_list":["post-55","page","type-page","status-publish","hentry"],"aioseo_notices":[],"_links":{"self":[{"href":"https:\/\/www.fiumicinoairportbb.com\/es\/wp-json\/wp\/v2\/pages\/55","targetHints":{"allow":["GET"]}}],"collection":[{"href":"https:\/\/www.fiumicinoairportbb.com\/es\/wp-json\/wp\/v2\/pages"}],"about":[{"href":"https:\/\/www.fiumicinoairportbb.com\/es\/wp-json\/wp\/v2\/types\/page"}],"author":[{"embeddable":true,"href":"https:\/\/www.fiumicinoairportbb.com\/es\/wp-json\/wp\/v2\/users\/1"}],"replies":[{"embeddable":true,"href":"https:\/\/www.fiumicinoairportbb.com\/es\/wp-json\/wp\/v2\/comments?post=55"}],"version-history":[{"count":72,"href":"https:\/\/www.fiumicinoairportbb.com\/es\/wp-json\/wp\/v2\/pages\/55\/revisions"}],"predecessor-version":[{"id":560,"href":"https:\/\/www.fiumicinoairportbb.com\/es\/wp-json\/wp\/v2\/pages\/55\/revisions\/560"}],"wp:attachment":[{"href":"https:\/\/www.fiumicinoairportbb.com\/es\/wp-json\/wp\/v2\/media?parent=55"}],"curies":[{"name":"wp","href":"https:\/\/api.w.org\/{rel}","templated":true}]}}