{"id":53,"date":"2018-03-28T13:46:45","date_gmt":"2018-03-28T13:46:45","guid":{"rendered":"http:\/\/www.fiumicinoairportbb.it\/?page_id=53"},"modified":"2023-10-11T08:34:48","modified_gmt":"2023-10-11T08:34:48","slug":"servizi-2","status":"publish","type":"page","link":"https:\/\/www.fiumicinoairportbb.com\/es\/servizi-2\/","title":{"rendered":"Servicios"},"content":{"rendered":"<p><\/p>\n<p class=\"western\"><span style=\"color: #222222;\"><span style=\"font-family: arial, serif;\"><span style=\"font-size: small;\"><\/span><\/span><\/span><\/p>\n<h6 class=\"western\"><span style=\"color: #003366;\">SE ADMITEN MASCOTAS<\/span><\/h6>\n<h6 class=\"western\"><span style=\"color: #003366;\"><img loading=\"lazy\" decoding=\"async\" class=\"alignleft wp-image-443\" src=\"http:\/\/www.fiumicinoairportbb.it\/wp-content\/uploads\/2018\/04\/animali-300x244.jpg\" alt=\"\" width=\"250\" height=\"203\" srcset=\"https:\/\/www.fiumicinoairportbb.com\/wp-content\/uploads\/2018\/04\/animali-300x244.jpg 300w, https:\/\/www.fiumicinoairportbb.com\/wp-content\/uploads\/2018\/04\/animali-768x624.jpg 768w, https:\/\/www.fiumicinoairportbb.com\/wp-content\/uploads\/2018\/04\/animali-1024x832.jpg 1024w, https:\/\/www.fiumicinoairportbb.com\/wp-content\/uploads\/2018\/04\/animali.jpg 1720w\" sizes=\"auto, (max-width: 250px) 100vw, 250px\" \/><\/span><\/h6>\n<p class=\"western\" style=\"text-align: justify;\"><span style=\"color: #000000;\">Se aceptan mascotas peque\u00f1as y medianas, sujetas a comunicaci\u00f3n por correo electr\u00f3nico o tel\u00e9fono o en el momento de la reserva. En nuestro Bed and Breakfast, sus amigos de cuatro patas ser\u00e1n bienvenidos. Para m\u00e1s informaci\u00f3n cont\u00e1ctenos. <!-- Widget Shortcode --><div id=\"custom_html-12\" class=\"widget_text widget widget_custom_html widget-shortcode area-arbitrary \"><div class=\"textwidget custom-html-widget\"><button class=\"popmake-544\">CONT\u00c1CTENOS<\/button><\/div><\/div><!-- \/Widget Shortcode --><\/span><\/p>\n<hr \/>\n<h6 class=\"western\" style=\"text-align: right;\"><span style=\"color: #003366;\">JARD\u00cdN<\/span><\/h6>\n<h6 class=\"western\" style=\"text-align: right;\"><span style=\"color: #003366;\"><img loading=\"lazy\" decoding=\"async\" class=\"alignright wp-image-444\" src=\"http:\/\/www.fiumicinoairportbb.it\/wp-content\/uploads\/2018\/04\/giardino-300x244.jpg\" alt=\"\" width=\"250\" height=\"203\" srcset=\"https:\/\/www.fiumicinoairportbb.com\/wp-content\/uploads\/2018\/04\/giardino-300x244.jpg 300w, https:\/\/www.fiumicinoairportbb.com\/wp-content\/uploads\/2018\/04\/giardino-768x624.jpg 768w, https:\/\/www.fiumicinoairportbb.com\/wp-content\/uploads\/2018\/04\/giardino-1024x832.jpg 1024w, https:\/\/www.fiumicinoairportbb.com\/wp-content\/uploads\/2018\/04\/giardino.jpg 1720w\" sizes=\"auto, (max-width: 250px) 100vw, 250px\" \/><\/span><\/h6>\n<p style=\"text-align: right;\"><span style=\"color: #000000;\">La propiedad tiene un jard\u00edn amueblado que rodea el edificio. Puede pasar sus momentos relajantes en la terraza con nosotros, o pasar tiempo al aire libre entre los t\u00edpicos \u00e1rboles frutales del Mediterr\u00e1neo.<\/span><\/p>\n<h6><span style=\"color: #000000;\">]<\/span><\/h6>\n<hr \/>\n<h6 style=\"text-align: right;\"><span style=\"color: #003366;\">WI-FI<\/span><\/h6>\n<h6 style=\"text-align: right;\"><span style=\"color: #003366;\"><img loading=\"lazy\" decoding=\"async\" class=\"alignright wp-image-446\" src=\"http:\/\/www.fiumicinoairportbb.it\/wp-content\/uploads\/2018\/04\/wifi-300x244.jpg\" alt=\"\" width=\"250\" height=\"203\" srcset=\"https:\/\/www.fiumicinoairportbb.com\/wp-content\/uploads\/2018\/04\/wifi-300x244.jpg 300w, https:\/\/www.fiumicinoairportbb.com\/wp-content\/uploads\/2018\/04\/wifi-768x624.jpg 768w, https:\/\/www.fiumicinoairportbb.com\/wp-content\/uploads\/2018\/04\/wifi-1024x832.jpg 1024w, https:\/\/www.fiumicinoairportbb.com\/wp-content\/uploads\/2018\/04\/wifi.jpg 1720w\" sizes=\"auto, (max-width: 250px) 100vw, 250px\" \/><\/span><\/h6>\n<p style=\"text-align: right;\"><span style=\"color: #000000;\">A lo largo de la estructura puede acceder a la conexi\u00f3n Wi-Fi gratuita. A su llegada, se le notificar\u00e1 la contrase\u00f1a que se utilizar\u00e1 para conectarse a la red. Para registrarse, escuchar a familiares distantes no ser\u00e1 un problema.<\/span><\/p>\n<hr \/>\n<h6><span style=\"color: #003366;\">AIRE ACONDICIONADA<\/span><\/h6>\n<h6><span style=\"color: #003366;\"><img loading=\"lazy\" decoding=\"async\" class=\"alignleft wp-image-447\" src=\"http:\/\/www.fiumicinoairportbb.it\/wp-content\/uploads\/2018\/04\/clima-300x244.jpg\" alt=\"\" width=\"250\" height=\"203\" srcset=\"https:\/\/www.fiumicinoairportbb.com\/wp-content\/uploads\/2018\/04\/clima-300x244.jpg 300w, https:\/\/www.fiumicinoairportbb.com\/wp-content\/uploads\/2018\/04\/clima-768x624.jpg 768w, https:\/\/www.fiumicinoairportbb.com\/wp-content\/uploads\/2018\/04\/clima-1024x832.jpg 1024w, https:\/\/www.fiumicinoairportbb.com\/wp-content\/uploads\/2018\/04\/clima.jpg 1720w\" sizes=\"auto, (max-width: 250px) 100vw, 250px\" \/><\/span><\/h6>\n<p style=\"text-align: justify;\"><span style=\"color: #000000;\">En cada habitaci\u00f3n encontrar\u00e1 un acondicionador de aire, que puede administrar de forma independiente con el control remoto suministrado. Puedes elegir entre diferentes configuraciones. Todos los aires acondicionados tienen aire acondicionado y calefacci\u00f3n.<\/span><\/p>\n<hr \/>\n<h6 style=\"text-align: right;\"><span style=\"color: #003366;\">USO DEL D\u00cdA<\/span><\/h6>\n<h6 style=\"text-align: right;\"><span style=\"color: #003366;\"><img loading=\"lazy\" decoding=\"async\" class=\"alignright wp-image-448\" src=\"http:\/\/www.fiumicinoairportbb.it\/wp-content\/uploads\/2018\/04\/day-use-300x244.jpg\" alt=\"\" width=\"250\" height=\"203\" srcset=\"https:\/\/www.fiumicinoairportbb.com\/wp-content\/uploads\/2018\/04\/day-use-300x244.jpg 300w, https:\/\/www.fiumicinoairportbb.com\/wp-content\/uploads\/2018\/04\/day-use-768x624.jpg 768w, https:\/\/www.fiumicinoairportbb.com\/wp-content\/uploads\/2018\/04\/day-use-1024x832.jpg 1024w, https:\/\/www.fiumicinoairportbb.com\/wp-content\/uploads\/2018\/04\/day-use.jpg 1720w\" sizes=\"auto, (max-width: 250px) 100vw, 250px\" \/><\/span><\/h6>\n<p style=\"text-align: right;\"><span style=\"color: #000000;\">\u00bfTuviste muchas horas de avi\u00f3n y te detuviste solo para hacer una parada en el medio de la tarde? \u00bfQuieres pasar unas horas en completa tranquilidad y en la comodidad de un relajante B&amp;B? Con nosotros es posible. Las habitaciones para uso diario est\u00e1n disponibles de 9:30 a.m. a 4:30 p.m. Para cualquier solicitud que no exista para contactarnos, estaremos m\u00e1s que encantados de encontrar la soluci\u00f3n adecuada para usted.<!-- Widget Shortcode --><div id=\"custom_html-12\" class=\"widget_text widget widget_custom_html widget-shortcode area-arbitrary \"><div class=\"textwidget custom-html-widget\"><button class=\"popmake-544\">CONT\u00c1CTENOS<\/button><\/div><\/div><!-- \/Widget Shortcode --><\/span><\/p>\n<hr \/>\n<h6><span style=\"color: #003366;\">TV<\/span><\/h6>\n<h6><span style=\"color: #003366;\"><img loading=\"lazy\" decoding=\"async\" class=\"alignleft wp-image-449\" src=\"http:\/\/www.fiumicinoairportbb.it\/wp-content\/uploads\/2018\/04\/tv-300x244.jpg\" alt=\"\" width=\"250\" height=\"203\" srcset=\"https:\/\/www.fiumicinoairportbb.com\/wp-content\/uploads\/2018\/04\/tv-300x244.jpg 300w, https:\/\/www.fiumicinoairportbb.com\/wp-content\/uploads\/2018\/04\/tv-768x624.jpg 768w, https:\/\/www.fiumicinoairportbb.com\/wp-content\/uploads\/2018\/04\/tv-1024x832.jpg 1024w, https:\/\/www.fiumicinoairportbb.com\/wp-content\/uploads\/2018\/04\/tv.jpg 1720w\" sizes=\"auto, (max-width: 250px) 100vw, 250px\" \/><\/span><\/h6>\n<p style=\"text-align: justify;\"><span style=\"color: #000000;\">Cada habitaci\u00f3n est\u00e1 equipada con un televisor de pantalla plana, donde puede ver sus programas favoritos. Tambi\u00e9n es posible insertar el idioma original para que pueda ver sus programas en su idioma. Si acabas de regresar de un viaje y quieres ver las im\u00e1genes tomadas, puedes insertar la tarjeta SD o conectar la c\u00e0mara fotografica al televisor para disfrutar en el \u00e1mbito de tu habitaci\u00f3n los momentos que has pasado.<\/span><\/p>\n<hr \/>\n<h6 style=\"text-align: right;\"><span style=\"color: #003366;\">TRANSFERENCIAS<\/span><\/h6>\n<h6 style=\"text-align: right;\"><span style=\"color: #003366;\"><img loading=\"lazy\" decoding=\"async\" class=\"size-medium wp-image-450 alignright\" src=\"http:\/\/www.fiumicinoairportbb.it\/wp-content\/uploads\/2018\/04\/bus-300x244.jpg\" alt=\"\" width=\"300\" height=\"244\" srcset=\"https:\/\/www.fiumicinoairportbb.com\/wp-content\/uploads\/2018\/04\/bus-300x244.jpg 300w, https:\/\/www.fiumicinoairportbb.com\/wp-content\/uploads\/2018\/04\/bus-768x624.jpg 768w, https:\/\/www.fiumicinoairportbb.com\/wp-content\/uploads\/2018\/04\/bus-1024x832.jpg 1024w, https:\/\/www.fiumicinoairportbb.com\/wp-content\/uploads\/2018\/04\/bus.jpg 1720w\" sizes=\"auto, (max-width: 300px) 100vw, 300px\" \/><\/span><\/h6>\n<p style=\"text-align: right;\"><span style=\"color: #000000;\">&#8211; Un servicio de transporte est\u00e1 disponible desde\/hacia el aeropuerto (de pago)<\/span><\/p>\n<p style=\"text-align: right;\"><span style=\"color: #000000;\">Para m\u00e1s informaci\u00f3n cont\u00e1ctenos. <!-- Widget Shortcode --><div id=\"custom_html-12\" class=\"widget_text widget widget_custom_html widget-shortcode area-arbitrary \"><div class=\"textwidget custom-html-widget\"><button class=\"popmake-544\">CONT\u00c1CTENOS<\/button><\/div><\/div><!-- \/Widget Shortcode --><\/span><\/p>\n<hr \/>\n<h6><span style=\"color: #003366;\">DEP\u00d3SITO DE EQUIPAJE<\/span><\/h6>\n<h6><span style=\"color: #003366;\"><img loading=\"lazy\" decoding=\"async\" class=\"alignleft wp-image-451\" src=\"http:\/\/www.fiumicinoairportbb.it\/wp-content\/uploads\/2018\/04\/valigia-300x244.jpg\" alt=\"\" width=\"250\" height=\"203\" srcset=\"https:\/\/www.fiumicinoairportbb.com\/wp-content\/uploads\/2018\/04\/valigia-300x244.jpg 300w, https:\/\/www.fiumicinoairportbb.com\/wp-content\/uploads\/2018\/04\/valigia-768x624.jpg 768w, https:\/\/www.fiumicinoairportbb.com\/wp-content\/uploads\/2018\/04\/valigia-1024x832.jpg 1024w, https:\/\/www.fiumicinoairportbb.com\/wp-content\/uploads\/2018\/04\/valigia.jpg 1720w\" sizes=\"auto, (max-width: 250px) 100vw, 250px\" \/><\/span><\/h6>\n<p style=\"text-align: justify;\"><span style=\"color: #000000;\">\u00bfEst\u00e1s solo para una parada? \u00bfNecesitas viajar ligero? Con nosotros puede usar de almacenamiento de equipaje. Para m\u00e1s informaci\u00f3n cont\u00e1ctenos. <!-- Widget Shortcode --><div id=\"custom_html-12\" class=\"widget_text widget widget_custom_html widget-shortcode area-arbitrary \"><div class=\"textwidget custom-html-widget\"><button class=\"popmake-544\">CONT\u00c1CTENOS<\/button><\/div><\/div><!-- \/Widget Shortcode --><\/span><\/p>\n<hr \/>\n<h6 style=\"text-align: center;\"><span style=\"color: #003366;\">APARCAMIENTO<\/span><\/h6>\n<h6 style=\"text-align: center;\"><span style=\"color: #003366;\"><img loading=\"lazy\" decoding=\"async\" class=\"alignright wp-image-494\" src=\"http:\/\/www.fiumicinoairportbb.it\/wp-content\/uploads\/2018\/04\/parking-99211_960_720-300x236.png\" alt=\"\" width=\"250\" height=\"197\" \/><\/span><\/h6>\n<p style=\"text-align: justify;\"><span style=\"font-weight: 400; color: #000000;\">Si llega en coche y necesita el puesto para estacionar su carro durante el tiempo de su viaje , estaremos encantados de guardar su veh\u00edculo .\u00a0Para obtener m\u00e1s informaci\u00f3n y cotizaci\u00f3n, por favor contactar con el establecimiento.\u00a0<span style=\"color: #000000;\"><!-- Widget Shortcode --><div id=\"custom_html-12\" class=\"widget_text widget widget_custom_html widget-shortcode area-arbitrary \"><div class=\"textwidget custom-html-widget\"><button class=\"popmake-544\">CONT\u00c1CTENOS<\/button><\/div><\/div><!-- \/Widget Shortcode --><\/span><\/span><\/p>\n<hr \/>\n<p><\/p>","protected":false},"excerpt":{"rendered":"<p>SE ADMITEN MASCOTAS Se aceptan mascotas peque\u00f1as y medianas, sujetas a comunicaci\u00f3n por correo electr\u00f3nico o tel\u00e9fono o en el<\/p>\n","protected":false},"author":1,"featured_media":0,"parent":0,"menu_order":0,"comment_status":"closed","ping_status":"closed","template":"","meta":{"colormag_page_container_layout":"no_sidebar_content_centered","colormag_page_sidebar_layout":"no_sidebar","_monsterinsights_skip_tracking":false,"_monsterinsights_sitenote_active":false,"_monsterinsights_sitenote_note":"","_monsterinsights_sitenote_category":0,"footnotes":""},"class_list":["post-53","page","type-page","status-publish","hentry"],"aioseo_notices":[],"_links":{"self":[{"href":"https:\/\/www.fiumicinoairportbb.com\/es\/wp-json\/wp\/v2\/pages\/53","targetHints":{"allow":["GET"]}}],"collection":[{"href":"https:\/\/www.fiumicinoairportbb.com\/es\/wp-json\/wp\/v2\/pages"}],"about":[{"href":"https:\/\/www.fiumicinoairportbb.com\/es\/wp-json\/wp\/v2\/types\/page"}],"author":[{"embeddable":true,"href":"https:\/\/www.fiumicinoairportbb.com\/es\/wp-json\/wp\/v2\/users\/1"}],"replies":[{"embeddable":true,"href":"https:\/\/www.fiumicinoairportbb.com\/es\/wp-json\/wp\/v2\/comments?post=53"}],"version-history":[{"count":130,"href":"https:\/\/www.fiumicinoairportbb.com\/es\/wp-json\/wp\/v2\/pages\/53\/revisions"}],"predecessor-version":[{"id":749,"href":"https:\/\/www.fiumicinoairportbb.com\/es\/wp-json\/wp\/v2\/pages\/53\/revisions\/749"}],"wp:attachment":[{"href":"https:\/\/www.fiumicinoairportbb.com\/es\/wp-json\/wp\/v2\/media?parent=53"}],"curies":[{"name":"wp","href":"https:\/\/api.w.org\/{rel}","templated":true}]}}